{"id":11836,"date":"2021-10-19T13:24:29","date_gmt":"2021-10-19T13:24:29","guid":{"rendered":"https:\/\/rehabot.es\/personalizar-cookies\/"},"modified":"2023-11-29T09:41:58","modified_gmt":"2023-11-29T09:41:58","slug":"personalizar-cookies","status":"publish","type":"page","link":"https:\/\/rehabot.es\/es\/personalizar-cookies\/","title":{"rendered":"Personalizar Cookies"},"content":{"rendered":"\n<div>\n      <div id=\"custom-cookies-eu-label\">\n          El sitio Web https:\/\/rehabot.es utiliza cookies propias  para su correcto funcionamiento. Al hacer clic en el bot\u00f3n Aceptar, acepta el uso de estas tecnolog\u00edas y el procesamiento de sus datos para estos prop\u00f3sitos.          \n\n      <\/div>\n\n      <div id=\"custom-cookies-eu-buttons\" class=\"cookies-eu-buttons\">\n        <button id=\"custom-cookies-eu-reject\" class=\"cookies-eu-reject\">Rechazar<\/button>\n        <button id=\"custom-cookies-eu-accept\" class=\"cookies-eu-accept\">ACEPTAR TODAS LAS COOKIES<\/button><\/div>\n      <\/div>\n\n<br\/>\n<p>\n\tPuedes cambiar tus preferencias de cookies en cualquier momento si vuelves a la p\u00e1gina de Personalizar cookies, a la que puedes acceder a trav\u00e9s del Aviso de cookies. Para obtener m\u00e1s informaci\u00f3n sobre las cookies y c\u00f3mo las usamos, consulta la p\u00e1gina de <a href=\"https:\/\/rehabot.es\/es\/politica-de-cookies\/\">Pol\u00edtica de Cookies<\/a>.\n<\/p>\n\n<h3>Cookies t\u00e9cnicas<\/h3>\n<p>\n\tSon aquellas que permiten a los usuarios registrados navegar a trav\u00e9s del sitio Web, del \u00e1rea restringida y a utilizar sus diferentes funciones, como por ejemplo, el sistema de comentarios o el buscador y no pueden ser desactivadas.\n<\/p>\n\n\n\n","protected":false},"excerpt":{"rendered":"<p>El sitio Web https:\/\/rehabot.es utiliza cookies propias para su correcto funcionamiento. Al hacer clic en el bot\u00f3n Aceptar, acepta el<\/p>\n","protected":false},"author":2,"featured_media":0,"parent":0,"menu_order":0,"comment_status":"closed","ping_status":"closed","template":"","meta":{"footnotes":""},"class_list":["post-11836","page","type-page","status-publish","hentry"],"yoast_head":"<!-- This site is optimized with the Yoast SEO plugin v27.2 - https:\/\/yoast.com\/product\/yoast-seo-wordpress\/ -->\n<title>Personalizar Cookies - Rehabot<\/title>\n<meta name=\"robots\" content=\"index, follow, max-snippet:-1, max-image-preview:large, max-video-preview:-1\" \/>\n<link rel=\"canonical\" href=\"https:\/\/rehabot.es\/es\/personalizar-cookies\/\" \/>\n<meta property=\"og:locale\" content=\"es_ES\" \/>\n<meta property=\"og:type\" content=\"article\" \/>\n<meta property=\"og:title\" content=\"Personalizar Cookies - Rehabot\" \/>\n<meta property=\"og:url\" content=\"https:\/\/rehabot.es\/es\/personalizar-cookies\/\" \/>\n<meta property=\"og:site_name\" content=\"Rehabot\" \/>\n<meta property=\"article:modified_time\" content=\"2023-11-29T09:41:58+00:00\" \/>\n<meta property=\"og:image\" content=\"https:\/\/rehabot.es\/wp-content\/uploads\/2018\/07\/logo-rehab-english-new.png\" \/>\n\t<meta property=\"og:image:width\" content=\"507\" \/>\n\t<meta property=\"og:image:height\" content=\"214\" \/>\n\t<meta property=\"og:image:type\" content=\"image\/png\" \/>\n<meta name=\"twitter:card\" content=\"summary_large_image\" \/>\n<script type=\"application\/ld+json\" class=\"yoast-schema-graph\">{\"@context\":\"https:\/\/schema.org\",\"@graph\":[{\"@type\":\"WebPage\",\"@id\":\"https:\/\/rehabot.es\/es\/personalizar-cookies\/\",\"url\":\"https:\/\/rehabot.es\/es\/personalizar-cookies\/\",\"name\":\"Personalizar Cookies - Rehabot\",\"isPartOf\":{\"@id\":\"https:\/\/rehabot.es\/#website\"},\"datePublished\":\"2021-10-19T13:24:29+00:00\",\"dateModified\":\"2023-11-29T09:41:58+00:00\",\"breadcrumb\":{\"@id\":\"https:\/\/rehabot.es\/es\/personalizar-cookies\/#breadcrumb\"},\"inLanguage\":\"es\",\"potentialAction\":[{\"@type\":\"ReadAction\",\"target\":[\"https:\/\/rehabot.es\/es\/personalizar-cookies\/\"]}]},{\"@type\":\"BreadcrumbList\",\"@id\":\"https:\/\/rehabot.es\/es\/personalizar-cookies\/#breadcrumb\",\"itemListElement\":[{\"@type\":\"ListItem\",\"position\":1,\"name\":\"Home\",\"item\":\"https:\/\/rehabot.es\/es\/\"},{\"@type\":\"ListItem\",\"position\":2,\"name\":\"Personalizar Cookies\"}]},{\"@type\":\"WebSite\",\"@id\":\"https:\/\/rehabot.es\/#website\",\"url\":\"https:\/\/rehabot.es\/\",\"name\":\"Rehabot - Neurological Rehabilitation in Malaga\",\"description\":\"Rehabilitaci\u00f3n Neurol\u00f3gica en la Costa del Sol\",\"publisher\":{\"@id\":\"https:\/\/rehabot.es\/#organization\"},\"potentialAction\":[{\"@type\":\"SearchAction\",\"target\":{\"@type\":\"EntryPoint\",\"urlTemplate\":\"https:\/\/rehabot.es\/?s={search_term_string}\"},\"query-input\":{\"@type\":\"PropertyValueSpecification\",\"valueRequired\":true,\"valueName\":\"search_term_string\"}}],\"inLanguage\":\"es\"},{\"@type\":\"Organization\",\"@id\":\"https:\/\/rehabot.es\/#organization\",\"name\":\"Rehabot - Neurological Rehabilitation in Malaga\",\"alternateName\":\"Rehabot - Occupational Therapist Rehabilitation in Malaga\",\"url\":\"https:\/\/rehabot.es\/\",\"logo\":{\"@type\":\"ImageObject\",\"inLanguage\":\"es\",\"@id\":\"https:\/\/rehabot.es\/#\/schema\/logo\/image\/\",\"url\":\"https:\/\/rehabot.es\/wp-content\/uploads\/2021\/07\/icono.png\",\"contentUrl\":\"https:\/\/rehabot.es\/wp-content\/uploads\/2021\/07\/icono.png\",\"width\":80,\"height\":76,\"caption\":\"Rehabot - Neurological Rehabilitation in Malaga\"},\"image\":{\"@id\":\"https:\/\/rehabot.es\/#\/schema\/logo\/image\/\"}}]}<\/script>\n<!-- \/ Yoast SEO plugin. -->","yoast_head_json":{"title":"Personalizar Cookies - Rehabot","robots":{"index":"index","follow":"follow","max-snippet":"max-snippet:-1","max-image-preview":"max-image-preview:large","max-video-preview":"max-video-preview:-1"},"canonical":"https:\/\/rehabot.es\/es\/personalizar-cookies\/","og_locale":"es_ES","og_type":"article","og_title":"Personalizar Cookies - Rehabot","og_url":"https:\/\/rehabot.es\/es\/personalizar-cookies\/","og_site_name":"Rehabot","article_modified_time":"2023-11-29T09:41:58+00:00","og_image":[{"width":507,"height":214,"url":"https:\/\/rehabot.es\/wp-content\/uploads\/2018\/07\/logo-rehab-english-new.png","type":"image\/png"}],"twitter_card":"summary_large_image","schema":{"@context":"https:\/\/schema.org","@graph":[{"@type":"WebPage","@id":"https:\/\/rehabot.es\/es\/personalizar-cookies\/","url":"https:\/\/rehabot.es\/es\/personalizar-cookies\/","name":"Personalizar Cookies - Rehabot","isPartOf":{"@id":"https:\/\/rehabot.es\/#website"},"datePublished":"2021-10-19T13:24:29+00:00","dateModified":"2023-11-29T09:41:58+00:00","breadcrumb":{"@id":"https:\/\/rehabot.es\/es\/personalizar-cookies\/#breadcrumb"},"inLanguage":"es","potentialAction":[{"@type":"ReadAction","target":["https:\/\/rehabot.es\/es\/personalizar-cookies\/"]}]},{"@type":"BreadcrumbList","@id":"https:\/\/rehabot.es\/es\/personalizar-cookies\/#breadcrumb","itemListElement":[{"@type":"ListItem","position":1,"name":"Home","item":"https:\/\/rehabot.es\/es\/"},{"@type":"ListItem","position":2,"name":"Personalizar Cookies"}]},{"@type":"WebSite","@id":"https:\/\/rehabot.es\/#website","url":"https:\/\/rehabot.es\/","name":"Rehabot - Neurological Rehabilitation in Malaga","description":"Rehabilitaci\u00f3n Neurol\u00f3gica en la Costa del Sol","publisher":{"@id":"https:\/\/rehabot.es\/#organization"},"potentialAction":[{"@type":"SearchAction","target":{"@type":"EntryPoint","urlTemplate":"https:\/\/rehabot.es\/?s={search_term_string}"},"query-input":{"@type":"PropertyValueSpecification","valueRequired":true,"valueName":"search_term_string"}}],"inLanguage":"es"},{"@type":"Organization","@id":"https:\/\/rehabot.es\/#organization","name":"Rehabot - Neurological Rehabilitation in Malaga","alternateName":"Rehabot - Occupational Therapist Rehabilitation in Malaga","url":"https:\/\/rehabot.es\/","logo":{"@type":"ImageObject","inLanguage":"es","@id":"https:\/\/rehabot.es\/#\/schema\/logo\/image\/","url":"https:\/\/rehabot.es\/wp-content\/uploads\/2021\/07\/icono.png","contentUrl":"https:\/\/rehabot.es\/wp-content\/uploads\/2021\/07\/icono.png","width":80,"height":76,"caption":"Rehabot - Neurological Rehabilitation in Malaga"},"image":{"@id":"https:\/\/rehabot.es\/#\/schema\/logo\/image\/"}}]}},"_links":{"self":[{"href":"https:\/\/rehabot.es\/es\/wp-json\/wp\/v2\/pages\/11836","targetHints":{"allow":["GET"]}}],"collection":[{"href":"https:\/\/rehabot.es\/es\/wp-json\/wp\/v2\/pages"}],"about":[{"href":"https:\/\/rehabot.es\/es\/wp-json\/wp\/v2\/types\/page"}],"author":[{"embeddable":true,"href":"https:\/\/rehabot.es\/es\/wp-json\/wp\/v2\/users\/2"}],"replies":[{"embeddable":true,"href":"https:\/\/rehabot.es\/es\/wp-json\/wp\/v2\/comments?post=11836"}],"version-history":[{"count":1,"href":"https:\/\/rehabot.es\/es\/wp-json\/wp\/v2\/pages\/11836\/revisions"}],"predecessor-version":[{"id":12508,"href":"https:\/\/rehabot.es\/es\/wp-json\/wp\/v2\/pages\/11836\/revisions\/12508"}],"wp:attachment":[{"href":"https:\/\/rehabot.es\/es\/wp-json\/wp\/v2\/media?parent=11836"}],"curies":[{"name":"wp","href":"https:\/\/api.w.org\/{rel}","templated":true}]}}